{"id":17,"date":"2018-11-03T19:54:02","date_gmt":"2018-11-03T19:54:02","guid":{"rendered":"https:\/\/anniekucharcik.com\/hu\/?page_id=17"},"modified":"2018-12-04T20:35:59","modified_gmt":"2018-12-04T20:35:59","slug":"gyerekmesek","status":"publish","type":"page","link":"https:\/\/anniekucharcik.com\/hu\/gyerekmesek\/","title":{"rendered":"Mes\u00e9k"},"content":{"rendered":"<hr \/>\n<div class=\"pt-cv-wrapper\"><div class=\"pt-cv-view pt-cv-grid pt-cv-colsys\" id=\"pt-cv-view-3450c31tme\"><div data-id=\"pt-cv-page-1\" class=\"pt-cv-page\" data-cvc=\"1\"><div class=\"col-md-12 col-sm-12 col-xs-12 pt-cv-content-item pt-cv-2-col\" ><div class='pt-cv-ifield'><a href=\"https:\/\/anniekucharcik.com\/hu\/2019\/04\/12\/7-a-zold-esernyo\/\" class=\"_self pt-cv-href-thumbnail pt-cv-thumb-right\" target=\"_self\" ><img loading=\"lazy\" decoding=\"async\" width=\"202\" height=\"300\" src=\"https:\/\/i0.wp.com\/anniekucharcik.com\/hu\/wp-content\/uploads\/2019\/04\/07-Picture.jpeg?fit=202%2C300&amp;ssl=1\" class=\"pt-cv-thumbnail pull-right\" alt=\"\" srcset=\"https:\/\/i0.wp.com\/anniekucharcik.com\/hu\/wp-content\/uploads\/2019\/04\/07-Picture.jpeg?w=1900&amp;ssl=1 1900w, https:\/\/i0.wp.com\/anniekucharcik.com\/hu\/wp-content\/uploads\/2019\/04\/07-Picture.jpeg?resize=202%2C300&amp;ssl=1 202w, https:\/\/i0.wp.com\/anniekucharcik.com\/hu\/wp-content\/uploads\/2019\/04\/07-Picture.jpeg?resize=768%2C1139&amp;ssl=1 768w, https:\/\/i0.wp.com\/anniekucharcik.com\/hu\/wp-content\/uploads\/2019\/04\/07-Picture.jpeg?resize=690%2C1024&amp;ssl=1 690w, https:\/\/i0.wp.com\/anniekucharcik.com\/hu\/wp-content\/uploads\/2019\/04\/07-Picture.jpeg?w=1050&amp;ssl=1 1050w, https:\/\/i0.wp.com\/anniekucharcik.com\/hu\/wp-content\/uploads\/2019\/04\/07-Picture.jpeg?w=1575&amp;ssl=1 1575w\" sizes=\"auto, 100vw\" data-attachment-id=\"199\" data-permalink=\"https:\/\/anniekucharcik.com\/hu\/2019\/04\/12\/7-a-zold-esernyo\/07-picture\/\" data-orig-file=\"https:\/\/i0.wp.com\/anniekucharcik.com\/hu\/wp-content\/uploads\/2019\/04\/07-Picture.jpeg?fit=1900%2C2818&amp;ssl=1\" data-orig-size=\"1900,2818\" data-comments-opened=\"1\" data-image-meta=\"{&quot;aperture&quot;:&quot;0&quot;,&quot;credit&quot;:&quot;&quot;,&quot;camera&quot;:&quot;&quot;,&quot;caption&quot;:&quot;&quot;,&quot;created_timestamp&quot;:&quot;0&quot;,&quot;copyright&quot;:&quot;&quot;,&quot;focal_length&quot;:&quot;0&quot;,&quot;iso&quot;:&quot;0&quot;,&quot;shutter_speed&quot;:&quot;0&quot;,&quot;title&quot;:&quot;&quot;,&quot;orientation&quot;:&quot;1&quot;}\" data-image-title=\"07 Picture\" data-image-description=\"\" data-image-caption=\"\" data-medium-file=\"https:\/\/i0.wp.com\/anniekucharcik.com\/hu\/wp-content\/uploads\/2019\/04\/07-Picture.jpeg?fit=202%2C300&amp;ssl=1\" data-large-file=\"https:\/\/i0.wp.com\/anniekucharcik.com\/hu\/wp-content\/uploads\/2019\/04\/07-Picture.jpeg?fit=525%2C779&amp;ssl=1\" \/><\/a>\n<h4 class=\"pt-cv-title\"><a href=\"https:\/\/anniekucharcik.com\/hu\/2019\/04\/12\/7-a-zold-esernyo\/\" class=\"_self\" target=\"_self\" >7 &#8211; A z\u00f6ld eserny\u0151<\/a><\/h4>\n<div class=\"pt-cv-content\">Ragyog\u00f3 vas\u00e1rnap reggel k\u00f6sz\u00f6nt\u00f6tt a Kerek R\u00e9t lak\u00f3ira. A nap meleg sugarai m\u00e9g a legk\u00e9s\u0151bben kel\u0151 vir\u00e1gokat is fel\u00e9bresztett\u00e9k, akik szirmot bontottak \u00e9s j\u00f3 reggelt k\u00edv\u00e1nva egym\u00e1snak \u00f6sszemosolyogtak. Ilyen csodasz\u00e9p reggelen M\u00e9h Ildi sem tudott sok\u00e1ig a paplan alatt maradni. F\u00fcrg\u00e9n ugrott ki \u00e1gy\u00e1b\u00f3l, megmosakodott, ...<br \/><div class=\"pt-cv-rmwrap\"><a href=\"https:\/\/anniekucharcik.com\/hu\/2019\/04\/12\/7-a-zold-esernyo\/\" class=\"_self pt-cv-readmore btn btn-success\" target=\"_self\">Folytat\u00e1s<\/a><\/div><\/div><\/div><\/div>\n<div class=\"col-md-12 col-sm-12 col-xs-12 pt-cv-content-item pt-cv-2-col\" ><div class='pt-cv-ifield'><a href=\"https:\/\/anniekucharcik.com\/hu\/2019\/01\/09\/6-a-retbajnoksag\/\" class=\"_self pt-cv-href-thumbnail pt-cv-thumb-right\" target=\"_self\" ><img loading=\"lazy\" decoding=\"async\" width=\"223\" height=\"300\" src=\"https:\/\/i0.wp.com\/anniekucharcik.com\/hu\/wp-content\/uploads\/2019\/01\/06-Picture.jpeg?fit=223%2C300&amp;ssl=1\" class=\"pt-cv-thumbnail pull-right\" alt=\"\" srcset=\"https:\/\/i0.wp.com\/anniekucharcik.com\/hu\/wp-content\/uploads\/2019\/01\/06-Picture.jpeg?w=1927&amp;ssl=1 1927w, https:\/\/i0.wp.com\/anniekucharcik.com\/hu\/wp-content\/uploads\/2019\/01\/06-Picture.jpeg?resize=223%2C300&amp;ssl=1 223w, https:\/\/i0.wp.com\/anniekucharcik.com\/hu\/wp-content\/uploads\/2019\/01\/06-Picture.jpeg?resize=768%2C1035&amp;ssl=1 768w, https:\/\/i0.wp.com\/anniekucharcik.com\/hu\/wp-content\/uploads\/2019\/01\/06-Picture.jpeg?resize=760%2C1024&amp;ssl=1 760w, https:\/\/i0.wp.com\/anniekucharcik.com\/hu\/wp-content\/uploads\/2019\/01\/06-Picture.jpeg?w=1050&amp;ssl=1 1050w, https:\/\/i0.wp.com\/anniekucharcik.com\/hu\/wp-content\/uploads\/2019\/01\/06-Picture.jpeg?w=1575&amp;ssl=1 1575w\" sizes=\"auto, 100vw\" data-attachment-id=\"167\" data-permalink=\"https:\/\/anniekucharcik.com\/hu\/2019\/01\/09\/6-a-retbajnoksag\/06-picture\/\" data-orig-file=\"https:\/\/i0.wp.com\/anniekucharcik.com\/hu\/wp-content\/uploads\/2019\/01\/06-Picture.jpeg?fit=1927%2C2598&amp;ssl=1\" data-orig-size=\"1927,2598\" data-comments-opened=\"1\" data-image-meta=\"{&quot;aperture&quot;:&quot;0&quot;,&quot;credit&quot;:&quot;&quot;,&quot;camera&quot;:&quot;&quot;,&quot;caption&quot;:&quot;&quot;,&quot;created_timestamp&quot;:&quot;0&quot;,&quot;copyright&quot;:&quot;&quot;,&quot;focal_length&quot;:&quot;0&quot;,&quot;iso&quot;:&quot;0&quot;,&quot;shutter_speed&quot;:&quot;0&quot;,&quot;title&quot;:&quot;&quot;,&quot;orientation&quot;:&quot;1&quot;}\" data-image-title=\"06 Picture\" data-image-description=\"\" data-image-caption=\"\" data-medium-file=\"https:\/\/i0.wp.com\/anniekucharcik.com\/hu\/wp-content\/uploads\/2019\/01\/06-Picture.jpeg?fit=223%2C300&amp;ssl=1\" data-large-file=\"https:\/\/i0.wp.com\/anniekucharcik.com\/hu\/wp-content\/uploads\/2019\/01\/06-Picture.jpeg?fit=525%2C707&amp;ssl=1\" \/><\/a>\n<h4 class=\"pt-cv-title\"><a href=\"https:\/\/anniekucharcik.com\/hu\/2019\/01\/09\/6-a-retbajnoksag\/\" class=\"_self\" target=\"_self\" >6 &#8211; A r\u00e9tbajnoks\u00e1g<\/a><\/h4>\n<div class=\"pt-cv-content\">Kora hajnal volt. A r\u00e9t m\u00e9g szunnyadt - a legkor\u00e1bban kel\u0151 madarak is a m\u00e1sik oldalukra fordultak csup\u00e1n \u00e9s j\u00f3\u00edz\u0171en aludtak tov\u00e1bb. A vir\u00e1gok sem bontottak m\u00e9g szirmot. Egyszercsak \u00e9les csivitel\u00e9s has\u00edtott bele a csendbe. - Csirip, csirip, ma van a nagy nap! Ma van ...<br \/><div class=\"pt-cv-rmwrap\"><a href=\"https:\/\/anniekucharcik.com\/hu\/2019\/01\/09\/6-a-retbajnoksag\/\" class=\"_self pt-cv-readmore btn btn-success\" target=\"_self\">Folytat\u00e1s<\/a><\/div><\/div><\/div><\/div>\n<div class=\"col-md-12 col-sm-12 col-xs-12 pt-cv-content-item pt-cv-2-col\" ><div class='pt-cv-ifield'><a href=\"https:\/\/anniekucharcik.com\/hu\/2018\/12\/12\/5-csillagnezo\/\" class=\"_self pt-cv-href-thumbnail pt-cv-thumb-right\" target=\"_self\" ><img loading=\"lazy\" decoding=\"async\" width=\"206\" height=\"300\" src=\"https:\/\/i0.wp.com\/anniekucharcik.com\/hu\/wp-content\/uploads\/2018\/12\/05-Picture.jpeg?fit=206%2C300&amp;ssl=1\" class=\"pt-cv-thumbnail pull-right\" alt=\"\" srcset=\"https:\/\/i0.wp.com\/anniekucharcik.com\/hu\/wp-content\/uploads\/2018\/12\/05-Picture.jpeg?w=1905&amp;ssl=1 1905w, https:\/\/i0.wp.com\/anniekucharcik.com\/hu\/wp-content\/uploads\/2018\/12\/05-Picture.jpeg?resize=206%2C300&amp;ssl=1 206w, https:\/\/i0.wp.com\/anniekucharcik.com\/hu\/wp-content\/uploads\/2018\/12\/05-Picture.jpeg?resize=768%2C1118&amp;ssl=1 768w, https:\/\/i0.wp.com\/anniekucharcik.com\/hu\/wp-content\/uploads\/2018\/12\/05-Picture.jpeg?resize=703%2C1024&amp;ssl=1 703w, https:\/\/i0.wp.com\/anniekucharcik.com\/hu\/wp-content\/uploads\/2018\/12\/05-Picture.jpeg?w=1050&amp;ssl=1 1050w, https:\/\/i0.wp.com\/anniekucharcik.com\/hu\/wp-content\/uploads\/2018\/12\/05-Picture.jpeg?w=1575&amp;ssl=1 1575w\" sizes=\"auto, 100vw\" data-attachment-id=\"152\" data-permalink=\"https:\/\/anniekucharcik.com\/hu\/2018\/12\/12\/5-csillagnezo\/05-picture\/\" data-orig-file=\"https:\/\/i0.wp.com\/anniekucharcik.com\/hu\/wp-content\/uploads\/2018\/12\/05-Picture.jpeg?fit=1905%2C2773&amp;ssl=1\" data-orig-size=\"1905,2773\" data-comments-opened=\"1\" data-image-meta=\"{&quot;aperture&quot;:&quot;0&quot;,&quot;credit&quot;:&quot;&quot;,&quot;camera&quot;:&quot;&quot;,&quot;caption&quot;:&quot;&quot;,&quot;created_timestamp&quot;:&quot;0&quot;,&quot;copyright&quot;:&quot;&quot;,&quot;focal_length&quot;:&quot;0&quot;,&quot;iso&quot;:&quot;0&quot;,&quot;shutter_speed&quot;:&quot;0&quot;,&quot;title&quot;:&quot;&quot;,&quot;orientation&quot;:&quot;1&quot;}\" data-image-title=\"05 Picture\" data-image-description=\"\" data-image-caption=\"\" data-medium-file=\"https:\/\/i0.wp.com\/anniekucharcik.com\/hu\/wp-content\/uploads\/2018\/12\/05-Picture.jpeg?fit=206%2C300&amp;ssl=1\" data-large-file=\"https:\/\/i0.wp.com\/anniekucharcik.com\/hu\/wp-content\/uploads\/2018\/12\/05-Picture.jpeg?fit=525%2C765&amp;ssl=1\" \/><\/a>\n<h4 class=\"pt-cv-title\"><a href=\"https:\/\/anniekucharcik.com\/hu\/2018\/12\/12\/5-csillagnezo\/\" class=\"_self\" target=\"_self\" >5 &#8211; Csillagn\u00e9z\u0151<\/a><\/h4>\n<div class=\"pt-cv-content\">Langymeleg ny\u00e1ri este volt. A b\u00e1rsonyos \u00e9gbolton sorra gy\u00faltak ki a csillagok. Ahogy lassan lesz\u00e1llt a sot\u00e9ts\u00e9g, f\u00e9ny\u00fck egyre szikr\u00e1z\u00f3bb Iett. Katica \u00e9s M\u00e9h Ildi \u00e1lm\u00e9lkodva n\u00e9zt\u00e9k. - Milyen var\u00e1zslatos az \u00e9gbolt! Mintha egy nagy sz\u0151nyeg lenne, telistele ez\u00fcst p\u00f6tty\u00f6kkel. - A csillagok meg olyanok, ...<br \/><div class=\"pt-cv-rmwrap\"><a href=\"https:\/\/anniekucharcik.com\/hu\/2018\/12\/12\/5-csillagnezo\/\" class=\"_self pt-cv-readmore btn btn-success\" target=\"_self\">Folytat\u00e1s<\/a><\/div><\/div><\/div><\/div>\n<div class=\"col-md-12 col-sm-12 col-xs-12 pt-cv-content-item pt-cv-2-col\" ><div class='pt-cv-ifield'><a href=\"https:\/\/anniekucharcik.com\/hu\/2018\/12\/05\/4-szuletesnapi-meglepetes\/\" class=\"_self pt-cv-href-thumbnail pt-cv-thumb-right\" target=\"_self\" ><img loading=\"lazy\" decoding=\"async\" width=\"206\" height=\"300\" src=\"https:\/\/i0.wp.com\/anniekucharcik.com\/hu\/wp-content\/uploads\/2018\/12\/04-Picture.jpeg?fit=206%2C300&amp;ssl=1\" class=\"pt-cv-thumbnail pull-right\" alt=\"\" srcset=\"https:\/\/i0.wp.com\/anniekucharcik.com\/hu\/wp-content\/uploads\/2018\/12\/04-Picture.jpeg?w=1905&amp;ssl=1 1905w, https:\/\/i0.wp.com\/anniekucharcik.com\/hu\/wp-content\/uploads\/2018\/12\/04-Picture.jpeg?resize=206%2C300&amp;ssl=1 206w, https:\/\/i0.wp.com\/anniekucharcik.com\/hu\/wp-content\/uploads\/2018\/12\/04-Picture.jpeg?resize=768%2C1119&amp;ssl=1 768w, https:\/\/i0.wp.com\/anniekucharcik.com\/hu\/wp-content\/uploads\/2018\/12\/04-Picture.jpeg?resize=703%2C1024&amp;ssl=1 703w, https:\/\/i0.wp.com\/anniekucharcik.com\/hu\/wp-content\/uploads\/2018\/12\/04-Picture.jpeg?w=1050&amp;ssl=1 1050w, https:\/\/i0.wp.com\/anniekucharcik.com\/hu\/wp-content\/uploads\/2018\/12\/04-Picture.jpeg?w=1575&amp;ssl=1 1575w\" sizes=\"auto, 100vw\" data-attachment-id=\"139\" data-permalink=\"https:\/\/anniekucharcik.com\/hu\/2018\/12\/05\/4-szuletesnapi-meglepetes\/04-picture\/\" data-orig-file=\"https:\/\/i0.wp.com\/anniekucharcik.com\/hu\/wp-content\/uploads\/2018\/12\/04-Picture.jpeg?fit=1905%2C2775&amp;ssl=1\" data-orig-size=\"1905,2775\" data-comments-opened=\"1\" data-image-meta=\"{&quot;aperture&quot;:&quot;0&quot;,&quot;credit&quot;:&quot;&quot;,&quot;camera&quot;:&quot;&quot;,&quot;caption&quot;:&quot;&quot;,&quot;created_timestamp&quot;:&quot;0&quot;,&quot;copyright&quot;:&quot;&quot;,&quot;focal_length&quot;:&quot;0&quot;,&quot;iso&quot;:&quot;0&quot;,&quot;shutter_speed&quot;:&quot;0&quot;,&quot;title&quot;:&quot;&quot;,&quot;orientation&quot;:&quot;1&quot;}\" data-image-title=\"04 Picture\" data-image-description=\"\" data-image-caption=\"\" data-medium-file=\"https:\/\/i0.wp.com\/anniekucharcik.com\/hu\/wp-content\/uploads\/2018\/12\/04-Picture.jpeg?fit=206%2C300&amp;ssl=1\" data-large-file=\"https:\/\/i0.wp.com\/anniekucharcik.com\/hu\/wp-content\/uploads\/2018\/12\/04-Picture.jpeg?fit=525%2C765&amp;ssl=1\" \/><\/a>\n<h4 class=\"pt-cv-title\"><a href=\"https:\/\/anniekucharcik.com\/hu\/2018\/12\/05\/4-szuletesnapi-meglepetes\/\" class=\"_self\" target=\"_self\" >4 &#8211; Sz\u00fclet\u00e9snapi meglepet\u00e9s<\/a><\/h4>\n<div class=\"pt-cv-content\">A kudarcba - illetve a l\u00e1bt\u00f6r\u00e9sbe - fulladt nagy nap ut\u00e1n Katica a szoba n\u00e9gy fala k\u00f6z\u00f6tt t\u00f6lt\u00f6tte napjait. J\u00e1rk\u00e1lni nem tudott, rep\u00fclni nem b\u00edrt - olyan neh\u00e9z volt a l\u00e1b\u00e1n a gipsz, hogy hi\u00e1ba emelkedett a leveg\u0151be, az minduntalan leh\u00fazta a f\u00f6ldre. Naphosszat \u00fcld\u00f6g\u00e9lt ...<br \/><div class=\"pt-cv-rmwrap\"><a href=\"https:\/\/anniekucharcik.com\/hu\/2018\/12\/05\/4-szuletesnapi-meglepetes\/\" class=\"_self pt-cv-readmore btn btn-success\" target=\"_self\">Folytat\u00e1s<\/a><\/div><\/div><\/div><\/div>\n<div class=\"col-md-12 col-sm-12 col-xs-12 pt-cv-content-item pt-cv-2-col\" ><div class='pt-cv-ifield'><a href=\"https:\/\/anniekucharcik.com\/hu\/2018\/11\/29\/koteltanc\/\" class=\"_self pt-cv-href-thumbnail pt-cv-thumb-right\" target=\"_self\" ><img loading=\"lazy\" decoding=\"async\" width=\"204\" height=\"300\" src=\"https:\/\/i0.wp.com\/anniekucharcik.com\/hu\/wp-content\/uploads\/2018\/11\/03-Picture.jpeg?fit=204%2C300&amp;ssl=1\" class=\"pt-cv-thumbnail pull-right\" alt=\"\" srcset=\"https:\/\/i0.wp.com\/anniekucharcik.com\/hu\/wp-content\/uploads\/2018\/11\/03-Picture.jpeg?w=1888&amp;ssl=1 1888w, https:\/\/i0.wp.com\/anniekucharcik.com\/hu\/wp-content\/uploads\/2018\/11\/03-Picture.jpeg?resize=204%2C300&amp;ssl=1 204w, https:\/\/i0.wp.com\/anniekucharcik.com\/hu\/wp-content\/uploads\/2018\/11\/03-Picture.jpeg?resize=768%2C1130&amp;ssl=1 768w, https:\/\/i0.wp.com\/anniekucharcik.com\/hu\/wp-content\/uploads\/2018\/11\/03-Picture.jpeg?resize=696%2C1024&amp;ssl=1 696w, https:\/\/i0.wp.com\/anniekucharcik.com\/hu\/wp-content\/uploads\/2018\/11\/03-Picture.jpeg?w=1050&amp;ssl=1 1050w, https:\/\/i0.wp.com\/anniekucharcik.com\/hu\/wp-content\/uploads\/2018\/11\/03-Picture.jpeg?w=1575&amp;ssl=1 1575w\" sizes=\"auto, 100vw\" data-attachment-id=\"113\" data-permalink=\"https:\/\/anniekucharcik.com\/hu\/2018\/11\/29\/koteltanc\/03-picture\/\" data-orig-file=\"https:\/\/i0.wp.com\/anniekucharcik.com\/hu\/wp-content\/uploads\/2018\/11\/03-Picture.jpeg?fit=1888%2C2778&amp;ssl=1\" data-orig-size=\"1888,2778\" data-comments-opened=\"1\" data-image-meta=\"{&quot;aperture&quot;:&quot;0&quot;,&quot;credit&quot;:&quot;&quot;,&quot;camera&quot;:&quot;&quot;,&quot;caption&quot;:&quot;&quot;,&quot;created_timestamp&quot;:&quot;0&quot;,&quot;copyright&quot;:&quot;&quot;,&quot;focal_length&quot;:&quot;0&quot;,&quot;iso&quot;:&quot;0&quot;,&quot;shutter_speed&quot;:&quot;0&quot;,&quot;title&quot;:&quot;&quot;,&quot;orientation&quot;:&quot;1&quot;}\" data-image-title=\"03 Picture\" data-image-description=\"\" data-image-caption=\"\" data-medium-file=\"https:\/\/i0.wp.com\/anniekucharcik.com\/hu\/wp-content\/uploads\/2018\/11\/03-Picture.jpeg?fit=204%2C300&amp;ssl=1\" data-large-file=\"https:\/\/i0.wp.com\/anniekucharcik.com\/hu\/wp-content\/uploads\/2018\/11\/03-Picture.jpeg?fit=525%2C772&amp;ssl=1\" \/><\/a>\n<h4 class=\"pt-cv-title\"><a href=\"https:\/\/anniekucharcik.com\/hu\/2018\/11\/29\/koteltanc\/\" class=\"_self\" target=\"_self\" >3 &#8211; K\u00f6t\u00e9lt\u00e1nc<\/a><\/h4>\n<div class=\"pt-cv-content\">Az elk\u00f6vetkez\u0151 napok nagy-nagy izgalommal t\u00f6lt\u00f6tt\u00e9k el Katic\u00e1t. Reggelente, alighogy felh\u00f6rpintette pettyes b\u00f6gr\u00e9j\u00e9b\u0151l kaka\u00f3j\u00e1t, m\u00e1ris indult b\u0171v\u00e9sziskol\u00e1t keresni. Szent\u00fcl elhat\u00e1rozta, hogy b\u0171v\u00e9sz lesz, a katic\u00e1k els\u0151 sz\u00e1m\u00fa m\u00e1gusa. K\u00f6lcs\u00f6nk\u00e9rte Hark\u00e1ly b\u00e1csi kalapj\u00e1t \u00e9s f\u00e9nyes fekete k\u00f6peny\u00e9t. A der\u00e9k hark\u00e1ly csod\u00e1lkozott ugyan, vajon mihez kezd a ...<br \/><div class=\"pt-cv-rmwrap\"><a href=\"https:\/\/anniekucharcik.com\/hu\/2018\/11\/29\/koteltanc\/\" class=\"_self pt-cv-readmore btn btn-success\" target=\"_self\">Folytat\u00e1s<\/a><\/div><\/div><\/div><\/div>\n<div class=\"col-md-12 col-sm-12 col-xs-12 pt-cv-content-item pt-cv-2-col\" ><div class='pt-cv-ifield'><a href=\"https:\/\/anniekucharcik.com\/hu\/2018\/11\/26\/a-buvesz\/\" class=\"_self pt-cv-href-thumbnail pt-cv-thumb-right\" target=\"_self\" ><img loading=\"lazy\" decoding=\"async\" width=\"206\" height=\"300\" src=\"https:\/\/i0.wp.com\/anniekucharcik.com\/hu\/wp-content\/uploads\/2018\/11\/02-Picture.jpeg?fit=206%2C300&amp;ssl=1\" class=\"pt-cv-thumbnail pull-right\" alt=\"\" srcset=\"https:\/\/i0.wp.com\/anniekucharcik.com\/hu\/wp-content\/uploads\/2018\/11\/02-Picture.jpeg?w=1933&amp;ssl=1 1933w, https:\/\/i0.wp.com\/anniekucharcik.com\/hu\/wp-content\/uploads\/2018\/11\/02-Picture.jpeg?resize=206%2C300&amp;ssl=1 206w, https:\/\/i0.wp.com\/anniekucharcik.com\/hu\/wp-content\/uploads\/2018\/11\/02-Picture.jpeg?resize=768%2C1120&amp;ssl=1 768w, https:\/\/i0.wp.com\/anniekucharcik.com\/hu\/wp-content\/uploads\/2018\/11\/02-Picture.jpeg?resize=702%2C1024&amp;ssl=1 702w, https:\/\/i0.wp.com\/anniekucharcik.com\/hu\/wp-content\/uploads\/2018\/11\/02-Picture.jpeg?w=1050&amp;ssl=1 1050w, https:\/\/i0.wp.com\/anniekucharcik.com\/hu\/wp-content\/uploads\/2018\/11\/02-Picture.jpeg?w=1575&amp;ssl=1 1575w\" sizes=\"auto, 100vw\" data-attachment-id=\"98\" data-permalink=\"https:\/\/anniekucharcik.com\/hu\/2018\/11\/26\/a-buvesz\/02-picture\/\" data-orig-file=\"https:\/\/i0.wp.com\/anniekucharcik.com\/hu\/wp-content\/uploads\/2018\/11\/02-Picture.jpeg?fit=1933%2C2818&amp;ssl=1\" data-orig-size=\"1933,2818\" data-comments-opened=\"1\" data-image-meta=\"{&quot;aperture&quot;:&quot;0&quot;,&quot;credit&quot;:&quot;&quot;,&quot;camera&quot;:&quot;&quot;,&quot;caption&quot;:&quot;&quot;,&quot;created_timestamp&quot;:&quot;0&quot;,&quot;copyright&quot;:&quot;&quot;,&quot;focal_length&quot;:&quot;0&quot;,&quot;iso&quot;:&quot;0&quot;,&quot;shutter_speed&quot;:&quot;0&quot;,&quot;title&quot;:&quot;&quot;,&quot;orientation&quot;:&quot;1&quot;}\" data-image-title=\"02 Picture\" data-image-description=\"\" data-image-caption=\"\" data-medium-file=\"https:\/\/i0.wp.com\/anniekucharcik.com\/hu\/wp-content\/uploads\/2018\/11\/02-Picture.jpeg?fit=206%2C300&amp;ssl=1\" data-large-file=\"https:\/\/i0.wp.com\/anniekucharcik.com\/hu\/wp-content\/uploads\/2018\/11\/02-Picture.jpeg?fit=525%2C766&amp;ssl=1\" \/><\/a>\n<h4 class=\"pt-cv-title\"><a href=\"https:\/\/anniekucharcik.com\/hu\/2018\/11\/26\/a-buvesz\/\" class=\"_self\" target=\"_self\" >2 &#8211; A b\u0171v\u00e9sz<\/a><\/h4>\n<div class=\"pt-cv-content\">Ahogy teltek-m\u00faltak a napok, Katica egyre jobban \u00f6sszebar\u00e1tkozott M\u00e9h Ildivel. D\u00e9lel\u0151tt\u00f6nk\u00e9nt mindketten el voltak foglalva: M\u00e9h Ildi csal\u00e1dj\u00e1val nekt\u00e1rt gy\u0171jt\u00f6getett, Katica pedig eb\u00e9dre val\u00f3 finom falatok ut\u00e1n kutatott az illatos vadr\u00f3zsabokrokon. A d\u00e9lut\u00e1nokat azonban egy\u00fctt t\u00f6lt\u00f6tt\u00e9k - j\u00e1tszottak, vagy felfedez\u0151 \u00fatra mentek. Egy napf\u00e9nyes reggelen ...<br \/><div class=\"pt-cv-rmwrap\"><a href=\"https:\/\/anniekucharcik.com\/hu\/2018\/11\/26\/a-buvesz\/\" class=\"_self pt-cv-readmore btn btn-success\" target=\"_self\">Folytat\u00e1s<\/a><\/div><\/div><\/div><\/div>\n<div class=\"col-md-12 col-sm-12 col-xs-12 pt-cv-content-item pt-cv-2-col\" ><div class='pt-cv-ifield'><a href=\"https:\/\/anniekucharcik.com\/hu\/2018\/11\/18\/a-talalkozas\/\" class=\"_self pt-cv-href-thumbnail pt-cv-thumb-right\" target=\"_self\" ><img loading=\"lazy\" decoding=\"async\" width=\"207\" height=\"300\" src=\"https:\/\/i0.wp.com\/anniekucharcik.com\/hu\/wp-content\/uploads\/2018\/11\/01-Picture-1.jpeg?fit=207%2C300&amp;ssl=1\" class=\"pt-cv-thumbnail pull-right\" alt=\"\" srcset=\"https:\/\/i0.wp.com\/anniekucharcik.com\/hu\/wp-content\/uploads\/2018\/11\/01-Picture-1.jpeg?w=1931&amp;ssl=1 1931w, https:\/\/i0.wp.com\/anniekucharcik.com\/hu\/wp-content\/uploads\/2018\/11\/01-Picture-1.jpeg?resize=207%2C300&amp;ssl=1 207w, https:\/\/i0.wp.com\/anniekucharcik.com\/hu\/wp-content\/uploads\/2018\/11\/01-Picture-1.jpeg?resize=768%2C1112&amp;ssl=1 768w, https:\/\/i0.wp.com\/anniekucharcik.com\/hu\/wp-content\/uploads\/2018\/11\/01-Picture-1.jpeg?resize=707%2C1024&amp;ssl=1 707w, https:\/\/i0.wp.com\/anniekucharcik.com\/hu\/wp-content\/uploads\/2018\/11\/01-Picture-1.jpeg?w=1050&amp;ssl=1 1050w, https:\/\/i0.wp.com\/anniekucharcik.com\/hu\/wp-content\/uploads\/2018\/11\/01-Picture-1.jpeg?w=1575&amp;ssl=1 1575w\" sizes=\"auto, 100vw\" data-attachment-id=\"100\" data-permalink=\"https:\/\/anniekucharcik.com\/hu\/2018\/11\/18\/a-talalkozas\/01-picture-2\/\" data-orig-file=\"https:\/\/i0.wp.com\/anniekucharcik.com\/hu\/wp-content\/uploads\/2018\/11\/01-Picture-1.jpeg?fit=1931%2C2797&amp;ssl=1\" data-orig-size=\"1931,2797\" data-comments-opened=\"1\" data-image-meta=\"{&quot;aperture&quot;:&quot;0&quot;,&quot;credit&quot;:&quot;&quot;,&quot;camera&quot;:&quot;&quot;,&quot;caption&quot;:&quot;&quot;,&quot;created_timestamp&quot;:&quot;0&quot;,&quot;copyright&quot;:&quot;&quot;,&quot;focal_length&quot;:&quot;0&quot;,&quot;iso&quot;:&quot;0&quot;,&quot;shutter_speed&quot;:&quot;0&quot;,&quot;title&quot;:&quot;&quot;,&quot;orientation&quot;:&quot;1&quot;}\" data-image-title=\"01 Picture\" data-image-description=\"\" data-image-caption=\"\" data-medium-file=\"https:\/\/i0.wp.com\/anniekucharcik.com\/hu\/wp-content\/uploads\/2018\/11\/01-Picture-1.jpeg?fit=207%2C300&amp;ssl=1\" data-large-file=\"https:\/\/i0.wp.com\/anniekucharcik.com\/hu\/wp-content\/uploads\/2018\/11\/01-Picture-1.jpeg?fit=525%2C760&amp;ssl=1\" \/><\/a>\n<h4 class=\"pt-cv-title\"><a href=\"https:\/\/anniekucharcik.com\/hu\/2018\/11\/18\/a-talalkozas\/\" class=\"_self\" target=\"_self\" >1 &#8211; A tal\u00e1lkoz\u00e1s<\/a><\/h4>\n<div class=\"pt-cv-content\">Csodasz\u00e9p m\u00e1jusi reggel volt. Ragyog\u00f3an s\u00fct\u00f6tt a nap \u00e9s bodzaillat \u00faszott a leveg\u0151ben. Katica j\u00f3kedv\u0171en ugrott ki \u00e1gy\u00e1b\u00f3l. Az ablakhoz futott - piros pettyes h\u00e1l\u00f3ingje csak \u00fagy sz\u00e1llott ut\u00e1na. - Micsoda gy\u00f6ny\u00f6r\u0171 id\u0151 van! - ujjongott. - Egy ilyen napf\u00e9nyes d\u00e9lel\u0151tt\u00f6t nem t\u00f6lthetek itt a ...<br \/><div class=\"pt-cv-rmwrap\"><a href=\"https:\/\/anniekucharcik.com\/hu\/2018\/11\/18\/a-talalkozas\/\" class=\"_self pt-cv-readmore btn btn-success\" target=\"_self\">Folytat\u00e1s<\/a><\/div><\/div><\/div><\/div><\/div><\/div><\/div>\n","protected":false},"excerpt":{"rendered":"","protected":false},"author":1,"featured_media":0,"parent":0,"menu_order":0,"comment_status":"closed","ping_status":"open","template":"","meta":{"nf_dc_page":"","jetpack_post_was_ever_published":false,"footnotes":""},"class_list":["post-17","page","type-page","status-publish","hentry"],"jetpack_sharing_enabled":true,"jetpack_shortlink":"https:\/\/wp.me\/Paskpk-h","jetpack-related-posts":[],"post_mailing_queue_ids":[],"_links":{"self":[{"href":"https:\/\/anniekucharcik.com\/hu\/wp-json\/wp\/v2\/pages\/17","targetHints":{"allow":["GET"]}}],"collection":[{"href":"https:\/\/anniekucharcik.com\/hu\/wp-json\/wp\/v2\/pages"}],"about":[{"href":"https:\/\/anniekucharcik.com\/hu\/wp-json\/wp\/v2\/types\/page"}],"author":[{"embeddable":true,"href":"https:\/\/anniekucharcik.com\/hu\/wp-json\/wp\/v2\/users\/1"}],"replies":[{"embeddable":true,"href":"https:\/\/anniekucharcik.com\/hu\/wp-json\/wp\/v2\/comments?post=17"}],"version-history":[{"count":4,"href":"https:\/\/anniekucharcik.com\/hu\/wp-json\/wp\/v2\/pages\/17\/revisions"}],"predecessor-version":[{"id":127,"href":"https:\/\/anniekucharcik.com\/hu\/wp-json\/wp\/v2\/pages\/17\/revisions\/127"}],"wp:attachment":[{"href":"https:\/\/anniekucharcik.com\/hu\/wp-json\/wp\/v2\/media?parent=17"}],"curies":[{"name":"wp","href":"https:\/\/api.w.org\/{rel}","templated":true}]}}