{"id":10,"date":"2018-11-03T16:13:21","date_gmt":"2018-11-03T16:13:21","guid":{"rendered":"https:\/\/anniekucharcik.com\/hu\/?page_id=10"},"modified":"2019-08-21T13:16:35","modified_gmt":"2019-08-21T19:16:35","slug":"rolam","status":"publish","type":"page","link":"https:\/\/anniekucharcik.com\/hu\/rolam\/","title":{"rendered":"R\u00f3lam"},"content":{"rendered":"<hr \/>\n<p>Kedves olvas\u00f3!<\/p>\n<p>Szeretettel k\u00f6sz\u00f6ntelek honlapomon \u00e9s \u00f6r\u00fcl\u00f6k, hogy bet\u00e9rt\u00e9l hozz\u00e1m. Annika vagyok \u00e9s k\u00fcl\u00f6nleges szeretet f\u0171z az olvas\u00e1s, \u00edr\u00e1s \u00e9s a k\u00f6nyvek ir\u00e1nt. Leggyakrabban maga az \u00e9let inspir\u00e1l arra, hogy pap\u00edrra vessem gondolataimat \u00e9s megosszam gondolataim \u00e9s \u00e9rz\u00e9seim egy t\u00f6red\u00e9k\u00e9t a vil\u00e1ggal. \u00cdgy sz\u00fclettek meg <i>Katica kalandai<\/i> is, amelyekben egy katicabog\u00e1r \u00e9s egy m\u00e9hecske bar\u00e1ts\u00e1g\u00e1n kereszt\u00fcl sz\u00f3lok a gyerekekhez. Ezekben a t\u00f6rt\u00e9netekben a bar\u00e1ts\u00e1g, a j\u00f3s\u00e1g \u00e9s az egyszer\u0171 dolgok ir\u00e1nti szeretet j\u00e1tsza a f\u0151szerepet \u00e9s mes\u00e9li el Katica \u00e9s kis bar\u00e1tai \u00e9let\u00e9t, gondjait. B\u00edzom benne, hogy a mes\u00e9k sz\u00e1mtalan kis gyereklelket meg\u00e9rtintenek majd, \u00e9s fiatal olvas\u00f3im \u00e9lvezettel k\u00f6vetik soron a Kerek R\u00e9ten t\u00f6rt\u00e9n\u0151 kalandokat \u00e9s az ott \u00e9l\u0151 \u00e1llatk\u00e1k kicsi vil\u00e1g\u00e1t.<\/p>\n<p><i>Katica Kalandjai<\/i> egy r\u00e9sze annak, aki vagyok \u00e9s amir\u0151l \u00edrok. Hiszem azt, hogy az toll m\u0171v\u00e9szete olyan, ak\u00e1r a frissen s\u00fclt van\u00edli\u00e1s s\u00fctem\u00e9ny illata, amely bet\u00f6lti \u00e9s meg\u00e9des\u00edti a hossz\u00fa t\u00e9li est\u00e9ket &#8211; az irodalom megf\u0171szerezi \u00e9let\u00fcnket \u00e9s szebb\u00e9, k\u00fcl\u00f6nlegesebb\u00e9 teszi azt.<span class=\"Apple-converted-space\">\u00a0<\/span><\/p>\n<p>Ezt a vil\u00e1got szeretn\u00e9m megosztani veled, kedves olvas\u00f3. B\u00edzom benne, hogy sz\u00e1modra is \u00e9rt\u00e9kkel szolg\u00e1lnak majd gondolataim, amelyek n\u00e9ha a fah\u00e9j \u00e9s van\u00edlia \u00e9des illat\u00e1t id\u00e9zik &#8211; n\u00e9ha pedig a keser\u0171mandula zamat\u00e1t var\u00e1zsolj\u00e1k el\u0151.<\/p>\n<p>K\u00f6sz\u00f6n\u00f6m, hogy bel\u00e9pt\u00e9l hozz\u00e1m,<\/p>\n<p>Annika<span class=\"Apple-converted-space\">\u00a0<\/span><\/p>\n","protected":false},"excerpt":{"rendered":"<p>Kedves olvas\u00f3! Szeretettel k\u00f6sz\u00f6ntelek honlapomon \u00e9s \u00f6r\u00fcl\u00f6k, hogy bet\u00e9rt\u00e9l hozz\u00e1m. Annika vagyok \u00e9s k\u00fcl\u00f6nleges szeretet f\u0171z az olvas\u00e1s, \u00edr\u00e1s \u00e9s a k\u00f6nyvek ir\u00e1nt. Leggyakrabban maga az \u00e9let inspir\u00e1l arra, hogy pap\u00edrra vessem gondolataimat \u00e9s megosszam gondolataim \u00e9s \u00e9rz\u00e9seim egy t\u00f6red\u00e9k\u00e9t a vil\u00e1ggal. \u00cdgy sz\u00fclettek meg Katica kalandai is, amelyekben egy katicabog\u00e1r \u00e9s egy m\u00e9hecske bar\u00e1ts\u00e1g\u00e1n &hellip; <\/p>\n<p class=\"link-more\"><a href=\"https:\/\/anniekucharcik.com\/hu\/rolam\/\" class=\"more-link\"><span class=\"screen-reader-text\">&#8220;R\u00f3lam&#8221;<\/span> b\u0151vebben<\/a><\/p>\n","protected":false},"author":1,"featured_media":0,"parent":0,"menu_order":0,"comment_status":"closed","ping_status":"closed","template":"","meta":{"nf_dc_page":"","jetpack_post_was_ever_published":false,"footnotes":""},"class_list":["post-10","page","type-page","status-publish","hentry"],"jetpack_sharing_enabled":true,"jetpack_shortlink":"https:\/\/wp.me\/Paskpk-a","jetpack-related-posts":[],"post_mailing_queue_ids":[],"_links":{"self":[{"href":"https:\/\/anniekucharcik.com\/hu\/wp-json\/wp\/v2\/pages\/10","targetHints":{"allow":["GET"]}}],"collection":[{"href":"https:\/\/anniekucharcik.com\/hu\/wp-json\/wp\/v2\/pages"}],"about":[{"href":"https:\/\/anniekucharcik.com\/hu\/wp-json\/wp\/v2\/types\/page"}],"author":[{"embeddable":true,"href":"https:\/\/anniekucharcik.com\/hu\/wp-json\/wp\/v2\/users\/1"}],"replies":[{"embeddable":true,"href":"https:\/\/anniekucharcik.com\/hu\/wp-json\/wp\/v2\/comments?post=10"}],"version-history":[{"count":5,"href":"https:\/\/anniekucharcik.com\/hu\/wp-json\/wp\/v2\/pages\/10\/revisions"}],"predecessor-version":[{"id":238,"href":"https:\/\/anniekucharcik.com\/hu\/wp-json\/wp\/v2\/pages\/10\/revisions\/238"}],"wp:attachment":[{"href":"https:\/\/anniekucharcik.com\/hu\/wp-json\/wp\/v2\/media?parent=10"}],"curies":[{"name":"wp","href":"https:\/\/api.w.org\/{rel}","templated":true}]}}